{"id":13131,"date":"2026-03-31T10:47:31","date_gmt":"2026-03-31T08:47:31","guid":{"rendered":"https:\/\/aurelerossi.com\/?page_id=13131"},"modified":"2026-03-31T10:48:49","modified_gmt":"2026-03-31T08:48:49","slug":"politica-de-privacidad","status":"publish","type":"page","link":"https:\/\/aurelerossi.com\/ca\/politica-de-privadesa\/","title":{"rendered":"Pol\u00edtica de privacitat"},"content":{"rendered":"<div data-elementor-type=\"wp-page\" data-elementor-id=\"13131\" class=\"elementor elementor-13131\" data-elementor-post-type=\"page\">\n\t\t\t\t<div class=\"elementor-element elementor-element-88cf9f6 e-flex e-con-boxed e-con e-parent\" data-id=\"88cf9f6\" data-element_type=\"container\" data-e-type=\"container\" data-settings=\"{&quot;background_background&quot;:&quot;gradient&quot;}\">\n\t\t\t\t\t<div class=\"e-con-inner\">\n\t\t\t\t<div class=\"elementor-element elementor-element-80e574c elementor-widget elementor-widget-heading\" data-id=\"80e574c\" data-element_type=\"widget\" data-e-type=\"widget\" data-widget_type=\"heading.default\">\n\t\t\t\t\t<h1 class=\"elementor-heading-title elementor-size-default\">Pol\u00edtica de privacitat<\/h1>\t\t\t\t<\/div>\n\t\t\t\t\t<\/div>\n\t\t\t\t<\/div>\n\t\t<div class=\"elementor-element elementor-element-2cfeb39 e-flex e-con-boxed e-con e-parent\" data-id=\"2cfeb39\" data-element_type=\"container\" data-e-type=\"container\">\n\t\t\t\t\t<div class=\"e-con-inner\">\n\t\t\t\t<div class=\"elementor-element elementor-element-0b78eb1 elementor-widget elementor-widget-text-editor\" data-id=\"0b78eb1\" data-element_type=\"widget\" data-e-type=\"widget\" data-widget_type=\"text-editor.default\">\n\t\t\t\t\t\t\t\t\t<p>L'objectiu d'aquesta pol\u00edtica \u00e9s informar els interessats sobre els diferents tractaments realitzats per aquesta organitzaci\u00f3 mitjan\u00e7ant la p\u00e0gina web i que afectin les seves dades personals de conformitat amb all\u00f2 establert a la Llei Org\u00e0nica 3\/2018, de 5 de desembre, de Protecci\u00f3 de dades personals i garantia dels drets digitals i el Reglament (UE) 2016\/679 del Parlament Europeu i del Consell de 27 d'abril de 2016.<\/p><p>1. IDENTIFICATION AND CONTACT DATA OF THE CONTROLLER.<\/p><p>L'organitzaci\u00f3 ART Quiropr\u00e1ctico S.L., domiciliada al C\/ ARIBAU 143, ENTLE 1 (08036 BARCELONA) CATALUNYA, amb N.I.F. B09888819, tel\u00e8fon de contacte: 662 097 657 i correu electr\u00f2nic info@aurelerossi.com<\/p><p>2. FINALITATS DEL TRACTAMENT DE LES SEVES DADES PERSONALS. USUARIS\/NAVEGANTS DE LA P\u00c0GINA WEB DEL RESPONSABLE.<\/p><p>Tractarem les seves dades de car\u00e0cter personal facilitades a trav\u00e9s dels nostres formularis web per a:<br \/>Atendre les sol\u00b7licituds, queixes i incid\u00e8ncies traslladades a trav\u00e9s dels nostres canals de contacte incorporats a la p\u00e0gina web. <br \/>Entendre el comportament del navegant dins de la web per tal de detectar possibles atacs inform\u00e0tics a la nostra web.<br \/>Complir les obligacions legals que ens resultin directament aplicables i regulen la nostra activitat. <br \/>Per protegir i exercir els nostres drets o respondre davant de reclamacions de qualsevol \u00edndole.<br \/>Enviament de comunicacions comercials relatives als b\u00e9ns o serveis que conformen la nostra activitat., i\/o not\u00edcies o butlletins relacionats amb el nostre sector.<br \/>Gestionar i enviar-li el pressupost sol\u00b7licitat.<br \/>Gestionem les vostres dades per programar la cita sol\u00b7licitada.<br \/>Gestionar, administrar, supervisar la seva activitat al bloc\/f\u00f2rum incorporat.<\/p><p>3. BASE JUR\u00cdDICA DEL TRACTAMENT. <br \/>USUARIS\/NAVEGANTS A LA P\u00c0GINA WEB DEL RESPONSABLE.<\/p><p>Dins el consentiment que ens has prestat per tractar les teves dades amb les finalitats indicades.<br \/>Per complir les obligacions legals que se'ns apliquen.<br \/>En el nostre inter\u00e8s leg\u00edtim de protegir la nostra imatge, negoci i traject\u00f2ria evitant atacs a la nostra p\u00e0gina web.<\/p><p>4. TERMINIS O CRITERIS DE CONSERVACI\u00d3 DE LES DADES.<\/p><p>Les dades personals proporcionades es conservaran durant el temps necessari per complir les finalitats per a les quals van ser recopilades inicialment.<br \/>Una vegada que les dades deixin de ser necess\u00e0ries per al tractament en q\u00fcesti\u00f3, aquestes es mantindran degudament bloquejades per, si escau, posar-les a disposici\u00f3 de les administracions i organismes p\u00fablics competents, jutges i tribunals o el ministeri fiscal, d'acord amb el termini de prescripci\u00f3 de les accions que es puguin derivar de la relaci\u00f3 mantinguda amb el client i\/o els terminis de conservaci\u00f3 previstos legalment.<\/p><p>5. DECISIONS AUTOMATITZADES I ELABORACI\u00d3 DE PERFILS.<\/p><p>La p\u00e0gina web no pren decisions automatitzades ni elabora perfils.<\/p><p>6. DESTINATARIS.<\/p><p>Durant el per\u00edode de durada del tractament de les vostres dades personals, organitzaci\u00f3 podr\u00e0 cedir les vostres dades als destinataris seg\u00fcents: <br \/>Jutges i Tribunals.<br \/>Forces i cossos de seguretat de l'Estat.<br \/>Altres autoritats o organismes p\u00fablics competents, quan el responsable tinga l'obligaci\u00f3 legal de facilitar les dades personals.<\/p><p>7. TRANSFER\u00c8NCIES INTERNACIONALS DE DADES.<\/p><p>L'organitzaci\u00f3 no realitza cap Transfer\u00e8ncia Internacional de Dades.<\/p><p>8. DRETS.<\/p><p>Els interessats podran exercir en qualsevol moment i de forma totalment gratu\u00efta els drets d'acc\u00e9s, rectificaci\u00f3 i supressi\u00f3, aix\u00ed com sol\u00b7licitar que es limiti el tractament de les seves dades personals, oposar-s'hi, sol\u00b7licitar-ne la portabilitat (sempre que sigui t\u00e8cnicament possible) o retirar el consentiment prestat, i si escau, quan escaigui, si no \u00e9s objecte d'una decisi\u00f3 basada \u00fanicament en un tractament automatitzat, incl\u00f2s l'elaboraci\u00f3 de perfils. <br \/>Per fer-ho, podreu emprar els formularis habilitats per l'organitzaci\u00f3, o b\u00e9 dirigir un escrit a l'adre\u00e7a postal o correu electr\u00f2nic indicats m\u00e9s amunt. En qualsevol cas, la vostra sol\u00b7licitud haur\u00e0 d'acompanyar-se d'una fotoc\u00f2pia del vostre D.N.I. o document equivalent, amb la finalitat dacreditar la seva identitat.<br \/>En el cas que sentiu vulnerats els vostres drets pel que fa a la protecci\u00f3 de les vostres dades personals, especialment quan no heu obtingut satisfacci\u00f3 en l'exercici dels vostres drets, podeu presentar una reclamaci\u00f3 davant l'Autoritat de Control en mat\u00e8ria de Protecci\u00f3 de Dades competent (Ag\u00e8ncia Espanyola de Protecci\u00f3 de Dades), a trav\u00e9s del vostre lloc web: www.agpd.es.<br \/>En compliment del que disposa l'article 21 de la Llei 34\/2002 de serveis de la societat de la informaci\u00f3 i comer\u00e7 electr\u00f2nic, si no voleu rebre m\u00e9s informaci\u00f3 sobre els nostres serveis, podeu donar-vos de baixa enviant un correu electr\u00f2nic a l'adre\u00e7a info @aurelerossi.com, amb assumpte \u201cBAIXES\u201d.<\/p><p>9. VERACITAT DE LES DADES.<\/p><p>L'interessat garanteix que les dades aportades s\u00f3n vertaderes, exactes, completes i es troben actualitzades; comprometent-se a informar de qualsevol canvi respecte de les dades que aporta, pels canals habilitats a aquest efecte i indicats al punt u de la present pol\u00edtica. Ser\u00e0 responsable de qualsevol dany o perjudici, tant directe com indirecte, que pugui ocasionar com a conseq\u00fc\u00e8ncia de l'incompliment de la present obligaci\u00f3.<br \/>En cas que l'usuari faciliti dades de tercers, declara que compta amb el consentiment dels interessats i es compromet a traslladar la informaci\u00f3 continguda en aquesta cl\u00e0usula, eximint l'organitzaci\u00f3 de qualsevol responsabilitat derivada per la manca de compliment de la present obligaci\u00f3 .<\/p>\t\t\t\t\t\t\t\t<\/div>\n\t\t\t\t\t<\/div>\n\t\t\t\t<\/div>\n\t\t\t\t<\/div>","protected":false},"excerpt":{"rendered":"<p>Pol\u00edtica de privacidad El objetivo de esta pol\u00edtica es informar a los interesados acerca de los distintos tratamientos realizados por esta organizaci\u00f3n mediante la p\u00e1gina web y que afecten a sus datos personales de conformidad con lo establecido en la Ley Org\u00e1nica 3\/2018, de 5 de diciembre, de Protecci\u00f3n de Datos Personales y garant\u00eda de [&hellip;]<\/p>","protected":false},"author":4,"featured_media":0,"parent":0,"menu_order":0,"comment_status":"closed","ping_status":"closed","template":"elementor_header_footer","meta":{"footnotes":""},"class_list":["post-13131","page","type-page","status-publish","hentry"],"_links":{"self":[{"href":"https:\/\/aurelerossi.com\/ca\/wp-json\/wp\/v2\/pages\/13131","targetHints":{"allow":["GET"]}}],"collection":[{"href":"https:\/\/aurelerossi.com\/ca\/wp-json\/wp\/v2\/pages"}],"about":[{"href":"https:\/\/aurelerossi.com\/ca\/wp-json\/wp\/v2\/types\/page"}],"author":[{"embeddable":true,"href":"https:\/\/aurelerossi.com\/ca\/wp-json\/wp\/v2\/users\/4"}],"replies":[{"embeddable":true,"href":"https:\/\/aurelerossi.com\/ca\/wp-json\/wp\/v2\/comments?post=13131"}],"version-history":[{"count":4,"href":"https:\/\/aurelerossi.com\/ca\/wp-json\/wp\/v2\/pages\/13131\/revisions"}],"predecessor-version":[{"id":13135,"href":"https:\/\/aurelerossi.com\/ca\/wp-json\/wp\/v2\/pages\/13131\/revisions\/13135"}],"wp:attachment":[{"href":"https:\/\/aurelerossi.com\/ca\/wp-json\/wp\/v2\/media?parent=13131"}],"curies":[{"name":"wp","href":"https:\/\/api.w.org\/{rel}","templated":true}]}}