{"id":382,"date":"2021-06-09T16:16:26","date_gmt":"2021-06-09T16:16:26","guid":{"rendered":"https:\/\/aurelerossi.com\/?page_id=382"},"modified":"2026-04-13T20:30:14","modified_gmt":"2026-04-13T18:30:14","slug":"avisolegal-quiropractico-barcelona","status":"publish","type":"page","link":"https:\/\/aurelerossi.com\/ca\/avisolegal-quiropractic-barcelona\/","title":{"rendered":"Av\u00eds legal"},"content":{"rendered":"<div data-elementor-type=\"wp-page\" data-elementor-id=\"382\" class=\"elementor elementor-382\" data-elementor-post-type=\"page\">\n\t\t\t\t<div class=\"elementor-element elementor-element-5b5fa48 e-flex e-con-boxed e-con e-parent\" data-id=\"5b5fa48\" data-element_type=\"container\" data-e-type=\"container\" data-settings=\"{&quot;background_background&quot;:&quot;gradient&quot;}\">\n\t\t\t\t\t<div class=\"e-con-inner\">\n\t\t\t\t<div class=\"elementor-element elementor-element-db97c2d elementor-widget elementor-widget-heading\" data-id=\"db97c2d\" data-element_type=\"widget\" data-e-type=\"widget\" data-widget_type=\"heading.default\">\n\t\t\t\t\t<h1 class=\"elementor-heading-title elementor-size-default\">Av\u00eds legal<\/h1>\t\t\t\t<\/div>\n\t\t\t\t\t<\/div>\n\t\t\t\t<\/div>\n\t\t<div class=\"elementor-element elementor-element-ce62d85 e-flex e-con-boxed e-con e-parent\" data-id=\"ce62d85\" data-element_type=\"container\" data-e-type=\"container\">\n\t\t\t\t\t<div class=\"e-con-inner\">\n\t\t<div class=\"elementor-element elementor-element-42ca7e1 e-con-full e-flex e-con e-child\" data-id=\"42ca7e1\" data-element_type=\"container\" data-e-type=\"container\">\n\t\t\t\t<div class=\"elementor-element elementor-element-ff1248f elementor-widget elementor-widget-text-editor\" data-id=\"ff1248f\" data-element_type=\"widget\" data-e-type=\"widget\" data-widget_type=\"text-editor.default\">\n\t\t\t\t\t\t\t\t\t<p>1. DADES IDENTIFICATIVES<\/p><p>Esteu visitant la p\u00e0gina web AURELEROSSI.COM titularitat d'ART Quiropr\u00e1ctico S.L., amb domicili social al c\/ ARIBAU 143, ENTLE 1 (08036 BARCELONA) CATALUNYA, amb N.I.F. B09888819, inscrita al Registre Mercantil de Catalunya, d'ara endavant EL TITULAR.<br \/>Podeu contactar amb el TITULAR per qualsevol dels seg\u00fcents mitjans:<br \/>Tel\u00e8fon: 662 097 657<br \/>Correu electr\u00f2nic de contacte: info@aurelerossi.com<br \/>HOSPEDATGE WEB<br \/>Tel\u00e8fon: 662 097 657<br \/>Correu electr\u00f2nic de contacte: info@aurelerossi.com<\/p><p>2. USUARIS<\/p><p>Aquestes condicions (d'ara endavant Av\u00eds Legal) t\u00e9 per finalitat regular l'\u00fas de la p\u00e0gina web d'EL TITULAR que posa a disposici\u00f3 del p\u00fablic.<br \/>L'acc\u00e9s i\/o \u00fas d'aquesta p\u00e0gina web atribueix la condici\u00f3 d'USUARI, que accepta, des d'aquest acc\u00e9s i\/o \u00fas, les condicions generals d'\u00fas reflectides aqu\u00ed. Les condicions esmentades s\u00f3n aplicables independentment de les condicions generals de contractaci\u00f3 que si s'escau resultin de compliment obligat.<\/p><p>3. \u00daS DEL PORTAL AURELEROSSI.COM<\/p><p>proporciona l'acc\u00e9s a multitud d'informacions, serveis, programes o dades (d'ara endavant, \u201cels continguts\u201d) a Internet pertanyents a EL TITULAR o als seus llicenciants als quals l'USUARI hi pot tenir acc\u00e9s.<br \/>L'usuari assumeix la responsabilitat de fer servir el portal. Aquesta responsabilitat s'est\u00e9n al registre necessari per accedir a determinats serveis o continguts. En aquest registre, l'USUARI ser\u00e0 responsable d'aportar informaci\u00f3 vera\u00e7 i l\u00edcita. Com a conseq\u00fc\u00e8ncia d'aquest registre, a l'USUARI se li pot proporcionar una contrasenya de la qual ser\u00e0 responsable, comprometent-se a fer-ne un \u00fas diligent i confidencial.<br \/>L'USUARI es compromet a fer un \u00fas adequat dels continguts i serveis (p.e. serveis de xat, f\u00f2rums de discussi\u00f3 o grups de not\u00edcies) que EL TITULAR ofereix a trav\u00e9s del seu portal i amb car\u00e0cter enunciatiu per\u00f2 no limitatiu, a no fer-los servir per:<br \/>Inc\u00f3rrer en activitats il\u00b7l\u00edcites, il\u00b7legals o contr\u00e0ries a la bona fe i l'ordre p\u00fablic. <br \/>Difondre continguts o propaganda racista, xen\u00f2foba, pornogr\u00e0fic-il\u00b7legal, d'apologia del terrorisme o atemptat\u00f2ria contra els drets humans. <br \/>Provocar danys als sistemes f\u00edsics i l\u00f2gics d'ART Quiropr\u00e1ctico S.L., dels seus prove\u00efdors o de terceres persones, introduir o difondre a la xarxa virus inform\u00e0tics o qualssevol altres sistemes f\u00edsics o l\u00f2gics que siguin susceptibles de provocar els danys anteriorment esmentats.<br \/>Intentar accedir i, si escau, utilitzar els comptes de correu electr\u00f2nic daltres usuaris i modificar o manipular els seus missatges.<br \/>Utilitzar el lloc web ni les informacions que s'hi contenen amb finalitats comercials, pol\u00edtiques, publicit\u00e0ries i per a qualsevol \u00fas comercial, sobretot en l'enviament de correus electr\u00f2nics no sol\u00b7licitats. <br \/>EL TITULAR es reserva el dret a retirar tots aquells comentaris i aportacions que vulnerin el respecte a la dignitat de la persona, que siguin discriminatoris, xen\u00f2fobs, racistes pornogr\u00e0fics, que atemptin contra la joventut o la inf\u00e0ncia, l'ordre o la seguretat p\u00fablica o que , a parer seu, no resultaran adequats per a la seva publicaci\u00f3. En qualsevol cas, EL TITULAR no ser\u00e0 responsable de les opinions abocades pels usuaris a trav\u00e9s dels f\u00f2rums, xats o altres eines de participaci\u00f3.<\/p><p>4. PROTECCI\u00d3 DE DADES<\/p><p>Tot all\u00f2 relatiu a la pol\u00edtica de protecci\u00f3 de dades es troba recollit al document de pol\u00edtica de privadesa.<\/p><p>5. CONTINGUTS. PROPIETAT INTEL\u00b7LECTUAL I INDUSTRIAL<\/p><p>EL TITULAR \u00e9s propietari de tots els drets de propietat intel\u00b7lectual i industrial de la seva p\u00e0gina web, aix\u00ed com dels elements continguts a la mateixa (a t\u00edtol enunciatiu: imatges, fotografies, so, \u00e0udio, v\u00eddeo, programari o textos; marques o logotips, combinacions de colors, estructura i disseny, selecci\u00f3 de materials usats, programes dordinador necessaris per al seu funcionament, acc\u00e9s i \u00fas, etc), titularitat del TITULAR o b\u00e9 dels seus llicenciants.<br \/>Tots els drets reservats. En virtut del que disposen els articles 8 i 32.1, par\u00e0graf segon, de la Llei de propietat intel\u00b7lectual, queden expressament prohibides la reproducci\u00f3, la distribuci\u00f3 i la comunicaci\u00f3 p\u00fablica, inclosa la seva modalitat de posada a disposici\u00f3, de la totalitat o part dels continguts d'aquesta p\u00e0gina web, amb finalitats comercials, a qualsevol suport i per qualsevol mitj\u00e0 t\u00e8cnic, sense l'autoritzaci\u00f3 del TITULAR.<\/p><p>6. EXCLUSI\u00d3 DE GARANTIES I RESPONSABILITAT<\/p><p>L'USUARI reconeix que la utilitzaci\u00f3 de la p\u00e0gina web i dels seus continguts i serveis es desenvolupa sota la seva responsabilitat exclusiva. En concret, a t\u00edtol merament enunciatiu, EL TITULAR no assumeix cap responsabilitat en els \u00e0mbits seg\u00fcents:<br \/>La disponibilitat del funcionament de la p\u00e0gina web, els serveis i continguts i la qualitat o interoperabilitat.<br \/>La finalitat per a la qual la p\u00e0gina web serveixi als objectius de l'USUARI.<br \/>La infracci\u00f3 de la legislaci\u00f3 vigent per part de l'USUARI o tercers i, en concret, dels drets de propietat intel\u00b7lectual i industrial que siguin titularitat d'altres persones o entitats.<br \/>L'exist\u00e8ncia de codis maliciosos o qualsevol altre element inform\u00e0tic nociu que pogu\u00e9s causar el sistema inform\u00e0tic de l'USUARI o de tercers. Correspon a l'USUARI, en tot cas, disposar d'eines adequades per a la detecci\u00f3 i la desinfecci\u00f3 d'aquests elements.<br \/>L'acc\u00e9s fraudulent als continguts o serveis per tercers no autoritzats, o, si escau, la captura, eliminaci\u00f3, alteraci\u00f3, modificaci\u00f3 o manipulaci\u00f3 dels missatges i comunicacions de qualsevol classe que aquests tercers puguin realitzar.<br \/>L'exactitud, veracitat, actualitat i utilitat dels continguts i serveis oferts i la utilitzaci\u00f3 posterior que en faci l'USUARI. EL TITULAR emprar\u00e0 tots els esfor\u00e7os i mitjans raonables per facilitar la informaci\u00f3 actualitzada i fefaent.<br \/>Els danys produ\u00efts a equips inform\u00e0tics durant l'acc\u00e9s a la p\u00e0gina web i els danys produ\u00efts als USUARIS quan tinguin l'origen en errors o desconnexions a les xarxes de telecomunicacions que interrompin el servei.<br \/>Els danys o perjudicis que es derivin de circumst\u00e0ncies esdevingudes per cas fortu\u00eft o for\u00e7a major.<br \/>En cas que hi hagi f\u00f2rums, l'\u00fas dels mateixos o altres espais an\u00e0legs, cal tenir en compte que els missatges reflecteixen \u00fanicament l'opini\u00f3 de l'USUARI que els remet, que n'\u00e9s l'\u00fanic responsable. EL TITULAR no es fa responsable del contingut dels missatges enviats per l'USUARI.<\/p><p>7. MODIFICACI\u00d3 D'AQUEST AV\u00cdS LEGAL I DURADA<\/p><p>EL TITULAR es reserva el dret d'efectuar sense previ av\u00eds les modificacions que consideri oportunes al seu portal, podent canviar, suprimir o afegir tants continguts i serveis que es prestin a trav\u00e9s d'aquesta, com la forma en qu\u00e8 aquests apareguin representats o localitzats a el portal.<br \/>La vig\u00e8ncia de les condicions esmentades anir\u00e0 en funci\u00f3 de la seva exposici\u00f3 i estaran vigents fins que siguin modificades per altres degudament publicades.<\/p><p>8. ENLLA\u00c7OS<\/p><p>En cas que a AURELEROSSI.COM s'incloguessin enlla\u00e7os o hipervincles cap a altres llocs d'Internet, EL TITULAR no exercir\u00e0 cap tipus de control sobre aquests llocs i continguts. En cap cas EL TITULAR assumir\u00e0 cap responsabilitat pels continguts d'algun enlla\u00e7 pertanyent a un lloc web ali\u00e8, ni garantir\u00e0 la disponibilitat t\u00e8cnica, qualitat, fiabilitat, exactitud, amplitud, veracitat, validesa i constitucionalitat de qualsevol mat\u00e8ria o informaci\u00f3 continguda en cap d'aquests. hipervincles i altres llocs a Internet. Igualment, la inclusi\u00f3 d'aquestes connexions externes no implicar\u00e0 cap mena d'associaci\u00f3, fusi\u00f3 o participaci\u00f3 amb les entitats connectades.<\/p><p>9. DRETS D'EXCLUSI\u00d3<\/p><p>EL TITULAR es reserva el dret a denegar o retirar l'acc\u00e9s al portal i\/o als serveis oferts sense necessitat d'advertiment previ, a inst\u00e0ncia pr\u00f2pia o d'un tercer, a aquells usuaris que incompleixin el contingut d'aquest av\u00eds legal.<\/p><p>10. GENERALITATS<\/p><p>EL TITULAR perseguir\u00e0 l'incompliment de les presents condicions aix\u00ed com qualsevol utilitzaci\u00f3 indeguda del portal exercint totes les accions civils i penals que li puguin correspondre en dret.<\/p><p>11. LEGISLACI\u00d3 APLICABLE I JURISDICCI\u00d3<\/p><p>La relaci\u00f3 entre EL TITULAR i L'USUARI es regir\u00e0 per la normativa espanyola vigent. Totes les disputes i reclamacions derivades daquest av\u00eds legal es resoldran pels jutjats i tribunals espanyols.<\/p><p>12. MENORS D'EDAT<\/p><p>AURELEROSSI.COM dirigeix \u200b\u200bels seus serveis a usuaris de m\u00e9s de 18 anys. Els menors d'aquesta edat no estan autoritzats a utilitzar els nostres serveis i, per tant, no ens han d'enviar les dades personals. Informem que si es d\u00f3na aquesta circumst\u00e0ncia, ART Quiropr\u00e1ctico S.L. no es fa responsable de les possibles conseq\u00fc\u00e8ncies que es puguin derivar de l'incompliment de l'av\u00eds que s'estableix en aquesta mateixa cl\u00e0usula.<\/p>\t\t\t\t\t\t\t\t<\/div>\n\t\t\t\t<\/div>\n\t\t\t\t\t<\/div>\n\t\t\t\t<\/div>\n\t\t\t\t<\/div>","protected":false},"excerpt":{"rendered":"<p>Aviso legal 1. DATOS IDENTIFICATIVOS Usted est\u00e1 visitando la p\u00e1gina web AURELEROSSI.COM titularidad de ART Quiropr\u00e1ctico S.L., con domicilio social en C\/ ARIBAU 143, ENTLO 1 (08036 BARCELONA) CATALUNYA, con N.I.F. B09888819, inscrita en el Registro Mercantil de Catalunya, en adelante EL TITULAR. Puede contactar con el TITULAR por cualquiera de los siguientes medios: Tel\u00e9fono: [&hellip;]<\/p>","protected":false},"author":1,"featured_media":0,"parent":0,"menu_order":0,"comment_status":"closed","ping_status":"closed","template":"","meta":{"_joinchat":[],"footnotes":""},"class_list":["post-382","page","type-page","status-publish","hentry"],"_links":{"self":[{"href":"https:\/\/aurelerossi.com\/ca\/wp-json\/wp\/v2\/pages\/382","targetHints":{"allow":["GET"]}}],"collection":[{"href":"https:\/\/aurelerossi.com\/ca\/wp-json\/wp\/v2\/pages"}],"about":[{"href":"https:\/\/aurelerossi.com\/ca\/wp-json\/wp\/v2\/types\/page"}],"author":[{"embeddable":true,"href":"https:\/\/aurelerossi.com\/ca\/wp-json\/wp\/v2\/users\/1"}],"replies":[{"embeddable":true,"href":"https:\/\/aurelerossi.com\/ca\/wp-json\/wp\/v2\/comments?post=382"}],"version-history":[{"count":4,"href":"https:\/\/aurelerossi.com\/ca\/wp-json\/wp\/v2\/pages\/382\/revisions"}],"predecessor-version":[{"id":13349,"href":"https:\/\/aurelerossi.com\/ca\/wp-json\/wp\/v2\/pages\/382\/revisions\/13349"}],"wp:attachment":[{"href":"https:\/\/aurelerossi.com\/ca\/wp-json\/wp\/v2\/media?parent=382"}],"curies":[{"name":"wp","href":"https:\/\/api.w.org\/{rel}","templated":true}]}}