{"id":13131,"date":"2026-03-31T10:47:31","date_gmt":"2026-03-31T08:47:31","guid":{"rendered":"https:\/\/aurelerossi.com\/?page_id=13131"},"modified":"2026-03-31T10:48:49","modified_gmt":"2026-03-31T08:48:49","slug":"politica-de-privacidad","status":"publish","type":"page","link":"https:\/\/aurelerossi.com\/fr\/politique-de-confidentialite\/","title":{"rendered":"Politique de confidentialit\u00e9"},"content":{"rendered":"<div data-elementor-type=\"wp-page\" data-elementor-id=\"13131\" class=\"elementor elementor-13131\" data-elementor-post-type=\"page\">\n\t\t\t\t<div class=\"elementor-element elementor-element-88cf9f6 e-flex e-con-boxed e-con e-parent\" data-id=\"88cf9f6\" data-element_type=\"container\" data-e-type=\"container\" data-settings=\"{&quot;background_background&quot;:&quot;gradient&quot;}\">\n\t\t\t\t\t<div class=\"e-con-inner\">\n\t\t\t\t<div class=\"elementor-element elementor-element-80e574c elementor-widget elementor-widget-heading\" data-id=\"80e574c\" data-element_type=\"widget\" data-e-type=\"widget\" data-widget_type=\"heading.default\">\n\t\t\t\t\t<h1 class=\"elementor-heading-title elementor-size-default\">Politique de confidentialit\u00e9<\/h1>\t\t\t\t<\/div>\n\t\t\t\t\t<\/div>\n\t\t\t\t<\/div>\n\t\t<div class=\"elementor-element elementor-element-2cfeb39 e-flex e-con-boxed e-con e-parent\" data-id=\"2cfeb39\" data-element_type=\"container\" data-e-type=\"container\">\n\t\t\t\t\t<div class=\"e-con-inner\">\n\t\t\t\t<div class=\"elementor-element elementor-element-0b78eb1 elementor-widget elementor-widget-text-editor\" data-id=\"0b78eb1\" data-element_type=\"widget\" data-e-type=\"widget\" data-widget_type=\"text-editor.default\">\n\t\t\t\t\t\t\t\t\t<p>L'objectif de cette politique est d'informer les parties int\u00e9ress\u00e9es sur les diff\u00e9rents traitements effectu\u00e9s par cette organisation \u00e0 travers le site Web et qui affectent leurs donn\u00e9es personnelles conform\u00e9ment aux dispositions de la loi organique 3\/2018 du 5 d\u00e9cembre de protection des donn\u00e9es personnelles et garantie des droits num\u00e9riques et R\u00e8glement (UE) 2016\/679 du Parlement europ\u00e9en et du Conseil du 27 avril 2016.<\/p><p>1. IDENTIFICATION ET COORDONN\u00c9ES DU RESPONSABLE.<\/p><p>L'organisation ART Quiropr\u00e1ctico S.L., domicili\u00e9e \u00e0 C\/ ARIBAU 143, ENTLO 1 (08036 BARCELONA) CATALUNYA, avec N.I.F. B09888819, num\u00e9ro de t\u00e9l\u00e9phone de contact : 662 097 657 et email info@aurelerossi.com<\/p><p>2. FINALIT\u00c9S DU TRAITEMENT DE VOS DONN\u00c9ES PERSONNELLES. UTILISATEURS\/NAVIGATEURS DU SITE WEB DU RESPONSABLE.<\/p><p>Nous traiterons vos donn\u00e9es personnelles fournies via nos formulaires Web pour :<br \/>R\u00e9pondre aux demandes, plaintes et incidents transmis via nos canaux de contact int\u00e9gr\u00e9s au site Web. <br \/>Comprendre le comportement du navigateur au sein du web afin de d\u00e9tecter d'\u00e9ventuelles attaques informatiques sur notre site internet.<br \/>Respecter les obligations l\u00e9gales qui nous sont directement applicables et r\u00e9glementent notre activit\u00e9. <br \/>Pour prot\u00e9ger et exercer nos droits ou r\u00e9pondre \u00e0 des r\u00e9clamations de toute nature.<br \/>Envoi de communications commerciales li\u00e9es aux biens ou services qui composent notre activit\u00e9, et\/ou de nouvelles ou de bulletins li\u00e9s \u00e0 notre secteur.<br \/>G\u00e9rer et vous envoyer le budget demand\u00e9.<br \/>Nous g\u00e9rons vos donn\u00e9es pour planifier le rendez-vous demand\u00e9.<br \/>G\u00e9rez, administrez, suivez votre activit\u00e9 sur le blog\/forum int\u00e9gr\u00e9.<\/p><p>3. BASE JURIDIQUE DU TRAITEMENT. <br \/>UTILISATEURS\/NAVIGATEURS SUR LE SITE WEB DU CONTR\u00d4LEUR.<\/p><p>Dans le cadre du consentement que vous nous avez donn\u00e9 pour traiter vos donn\u00e9es aux fins indiqu\u00e9es.<br \/>Pour respecter les obligations l\u00e9gales qui s\u2019appliquent \u00e0 nous.<br \/>Dans notre int\u00e9r\u00eat l\u00e9gitime de prot\u00e9ger notre image, notre activit\u00e9 et notre histoire en \u00e9vitant les attaques sur notre site Internet.<\/p><p>4. P\u00c9RIODES OU CRIT\u00c8RES DE CONSERVATION DES DONN\u00c9ES.<\/p><p>Les donn\u00e9es personnelles fournies seront conserv\u00e9es pendant la dur\u00e9e n\u00e9cessaire \u00e0 la r\u00e9alisation des finalit\u00e9s pour lesquelles elles ont \u00e9t\u00e9 initialement collect\u00e9es.<br \/>D\u00e8s que les donn\u00e9es ne seront plus n\u00e9cessaires au traitement en question, elles seront d\u00fbment bloqu\u00e9es pour, le cas \u00e9ch\u00e9ant, \u00eatre mises \u00e0 la disposition des Administrations et Organismes Publics comp\u00e9tents, des Juges et Tribunaux ou du Minist\u00e8re Public, selon le d\u00e9lai de prescription des actions. pouvant d\u00e9couler de la relation entretenue avec le client et\/ou des d\u00e9lais de conservation pr\u00e9vus par la loi.<\/p><p>5. D\u00c9CISIONS AUTOMATIS\u00c9ES ET PR\u00c9PARATION DU PROFIL.<\/p><p>Le site Web ne prend pas de d\u00e9cisions automatis\u00e9es et ne cr\u00e9e pas de profils.<\/p><p>6. DESTINATAIRES.<\/p><p>Pendant la dur\u00e9e du traitement de vos donn\u00e9es personnelles, l'organisation peut transf\u00e9rer vos donn\u00e9es aux destinataires suivants : <br \/>Juges et tribunaux.<br \/>Forces et organes de s\u00e9curit\u00e9 de l'\u00c9tat.<br \/>Autres autorit\u00e9s comp\u00e9tentes ou organismes publics, lorsque le responsable du traitement a l'obligation l\u00e9gale de fournir des donn\u00e9es personnelles.<\/p><p>7. TRANSFERTS INTERNATIONAUX DE DONN\u00c9ES.<\/p><p>L'organisation n'effectue aucun transfert international de donn\u00e9es.<\/p><p>8. DROITS.<\/p><p>Les int\u00e9ress\u00e9s peuvent exercer \u00e0 tout moment et de mani\u00e8re enti\u00e8rement gratuite les droits d'acc\u00e8s, de rectification et de suppression, ainsi que demander que le traitement de leurs donn\u00e9es personnelles soit limit\u00e9, s'y opposer, demander leur portabilit\u00e9 (dans la mesure o\u00f9 cela est techniquement possible) ou se retirer. le consentement donn\u00e9, et le cas \u00e9ch\u00e9ant, le cas \u00e9ch\u00e9ant, sauf s'il fait l'objet d'une d\u00e9cision fond\u00e9e uniquement sur un traitement automatis\u00e9, y compris le profilage. <br \/>Pour ce faire, vous pouvez utiliser les formulaires mis \u00e0 disposition par l'organisme, ou \u00e9crire \u00e0 l'adresse postale ou \u00e0 l'adresse email indiqu\u00e9e ci-dessus. Dans tous les cas, votre demande doit \u00eatre accompagn\u00e9e d'une photocopie de votre D.N.I. ou document \u00e9quivalent, afin de prouver votre identit\u00e9.<br \/>Dans le cas o\u00f9 vous estimez que vos droits ont \u00e9t\u00e9 viol\u00e9s en mati\u00e8re de protection de vos donn\u00e9es personnelles, notamment lorsque vous n'avez pas obtenu satisfaction dans l'exercice de vos droits, vous pouvez d\u00e9poser une r\u00e9clamation aupr\u00e8s de l'autorit\u00e9 comp\u00e9tente de contr\u00f4le de la protection des donn\u00e9es (Agence espagnole Protection des donn\u00e9es), via son site Internet : www.agpd.es.<br \/>Conform\u00e9ment aux dispositions de l'article 21 de la loi 34\/2002 sur les services de la soci\u00e9t\u00e9 de l'information et du commerce \u00e9lectronique, si vous ne souhaitez pas recevoir plus d'informations sur nos services, vous pouvez vous d\u00e9sinscrire en envoyant un email \u00e0 l'adresse info @aurelerossi.com, avec pour sujet \u00ab FAIBLES \u00bb.<\/p><p>9. V\u00c9RACIT\u00c9 DES DONN\u00c9ES.<\/p><p>L'int\u00e9ress\u00e9 garantit que les donn\u00e9es fournies sont vraies, exactes, compl\u00e8tes et mises \u00e0 jour ; s'engageant \u00e0 signaler tout changement concernant les donn\u00e9es fournies, \u00e0 travers les canaux pr\u00e9vus \u00e0 cet effet et indiqu\u00e9s au point premier de cette politique. Vous serez responsable de tout dommage ou perte, tant direct qu'indirect, qui pourrait r\u00e9sulter du non-respect de cette obligation.<br \/>Dans le cas o\u00f9 l'utilisateur fournit des donn\u00e9es provenant de tiers, il d\u00e9clare avoir le consentement des parties int\u00e9ress\u00e9es et s'engage \u00e0 transf\u00e9rer les informations contenues dans cette clause, exon\u00e9rant l'organisation de toute responsabilit\u00e9 d\u00e9riv\u00e9e du non-respect de cette obligation.<\/p>\t\t\t\t\t\t\t\t<\/div>\n\t\t\t\t\t<\/div>\n\t\t\t\t<\/div>\n\t\t\t\t<\/div>","protected":false},"excerpt":{"rendered":"<p>Pol\u00edtica de privacidad El objetivo de esta pol\u00edtica es informar a los interesados acerca de los distintos tratamientos realizados por esta organizaci\u00f3n mediante la p\u00e1gina web y que afecten a sus datos personales de conformidad con lo establecido en la Ley Org\u00e1nica 3\/2018, de 5 de diciembre, de Protecci\u00f3n de Datos Personales y garant\u00eda de [&hellip;]<\/p>","protected":false},"author":4,"featured_media":0,"parent":0,"menu_order":0,"comment_status":"closed","ping_status":"closed","template":"elementor_header_footer","meta":{"footnotes":""},"class_list":["post-13131","page","type-page","status-publish","hentry"],"_links":{"self":[{"href":"https:\/\/aurelerossi.com\/fr\/wp-json\/wp\/v2\/pages\/13131","targetHints":{"allow":["GET"]}}],"collection":[{"href":"https:\/\/aurelerossi.com\/fr\/wp-json\/wp\/v2\/pages"}],"about":[{"href":"https:\/\/aurelerossi.com\/fr\/wp-json\/wp\/v2\/types\/page"}],"author":[{"embeddable":true,"href":"https:\/\/aurelerossi.com\/fr\/wp-json\/wp\/v2\/users\/4"}],"replies":[{"embeddable":true,"href":"https:\/\/aurelerossi.com\/fr\/wp-json\/wp\/v2\/comments?post=13131"}],"version-history":[{"count":4,"href":"https:\/\/aurelerossi.com\/fr\/wp-json\/wp\/v2\/pages\/13131\/revisions"}],"predecessor-version":[{"id":13135,"href":"https:\/\/aurelerossi.com\/fr\/wp-json\/wp\/v2\/pages\/13131\/revisions\/13135"}],"wp:attachment":[{"href":"https:\/\/aurelerossi.com\/fr\/wp-json\/wp\/v2\/media?parent=13131"}],"curies":[{"name":"wp","href":"https:\/\/api.w.org\/{rel}","templated":true}]}}