{"id":382,"date":"2021-06-09T16:16:26","date_gmt":"2021-06-09T16:16:26","guid":{"rendered":"https:\/\/aurelerossi.com\/?page_id=382"},"modified":"2026-04-13T20:30:14","modified_gmt":"2026-04-13T18:30:14","slug":"avisolegal-quiropractico-barcelona","status":"publish","type":"page","link":"https:\/\/aurelerossi.com\/fr\/mentions-legales-chiropratique-barcelone\/","title":{"rendered":"Avis juridique"},"content":{"rendered":"<div data-elementor-type=\"wp-page\" data-elementor-id=\"382\" class=\"elementor elementor-382\" data-elementor-post-type=\"page\">\n\t\t\t\t<div class=\"elementor-element elementor-element-5b5fa48 e-flex e-con-boxed e-con e-parent\" data-id=\"5b5fa48\" data-element_type=\"container\" data-e-type=\"container\" data-settings=\"{&quot;background_background&quot;:&quot;gradient&quot;}\">\n\t\t\t\t\t<div class=\"e-con-inner\">\n\t\t\t\t<div class=\"elementor-element elementor-element-db97c2d elementor-widget elementor-widget-heading\" data-id=\"db97c2d\" data-element_type=\"widget\" data-e-type=\"widget\" data-widget_type=\"heading.default\">\n\t\t\t\t\t<h1 class=\"elementor-heading-title elementor-size-default\">Avis juridique<\/h1>\t\t\t\t<\/div>\n\t\t\t\t\t<\/div>\n\t\t\t\t<\/div>\n\t\t<div class=\"elementor-element elementor-element-ce62d85 e-flex e-con-boxed e-con e-parent\" data-id=\"ce62d85\" data-element_type=\"container\" data-e-type=\"container\">\n\t\t\t\t\t<div class=\"e-con-inner\">\n\t\t<div class=\"elementor-element elementor-element-42ca7e1 e-con-full e-flex e-con e-child\" data-id=\"42ca7e1\" data-element_type=\"container\" data-e-type=\"container\">\n\t\t\t\t<div class=\"elementor-element elementor-element-ff1248f elementor-widget elementor-widget-text-editor\" data-id=\"ff1248f\" data-element_type=\"widget\" data-e-type=\"widget\" data-widget_type=\"text-editor.default\">\n\t\t\t\t\t\t\t\t\t<p>1. DONN\u00c9ES D'IDENTIFICATION<\/p><p>Vous visitez le site AURELEROSSI.COM appartenant \u00e0 ART Quiropr\u00e1ctico S.L., dont le si\u00e8ge social est C\/ ARIBAU 143, ENTLO 1 (08036 BARCELONA) CATALUNYA, avec N.I.F. B09888819, inscrite au Registre du Commerce de Catalogne, ci-apr\u00e8s LE PROPRI\u00c9TAIRE.<br \/>Vous pouvez contacter le PROPRI\u00c9TAIRE par l'un des moyens suivants :<br \/>T\u00e9l\u00e9phone : 662 097 657<br \/>E-mail de contact : info@aurelerossi.com<br \/>H\u00c9BERGEMENT WEB<br \/>T\u00e9l\u00e9phone : 662 097 657<br \/>E-mail de contact : info@aurelerossi.com<\/p><p>2. UTILISATEURS<\/p><p>Les pr\u00e9sentes conditions (ci-apr\u00e8s Mentions L\u00e9gales) ont pour objet de r\u00e9glementer l'utilisation du site Internet du TITULAIRE qu'il met \u00e0 la disposition du public.<br \/>L'acc\u00e8s et\/ou l'utilisation de ce site Web attribue la condition d'UTILISATEUR, qui accepte, \u00e0 partir dudit acc\u00e8s et\/ou utilisation, les conditions g\u00e9n\u00e9rales d'utilisation refl\u00e9t\u00e9es ici. Les conditions susvis\u00e9es s\u2019appliqueront quelles que soient les conditions g\u00e9n\u00e9rales de contrat qui, le cas \u00e9ch\u00e9ant, sont imp\u00e9ratives.<\/p><p>3. UTILISATION DU PORTAIL AURELEROSSI.COM<\/p><p>donne acc\u00e8s \u00e0 une multitude d'informations, de services, de programmes ou de donn\u00e9es (ci-apr\u00e8s, \u00ab les contenus \u00bb) sur Internet appartenant au PROPRI\u00c9TAIRE ou \u00e0 ses conc\u00e9dants de licence auxquels l'UTILISATEUR peut avoir acc\u00e8s.<br \/>L'utilisateur assume la responsabilit\u00e9 de l'utilisation du portail. Cette responsabilit\u00e9 s'\u00e9tend \u00e0 l'inscription n\u00e9cessaire pour acc\u00e9der \u00e0 certains services ou contenus. Dans ledit registre, l'UTILISATEUR sera responsable de fournir des informations v\u00e9ridiques et licites. \u00c0 la suite de cette inscription, l'UTILISATEUR peut se voir attribuer un mot de passe dont il sera responsable, s'engageant \u00e0 en faire un usage diligent et confidentiel.<br \/>L'UTILISATEUR s'engage \u00e0 faire un usage appropri\u00e9 des contenus et services (par exemple, services de chat, forums de discussion ou groupes de discussion) que LE TITULAIRE propose \u00e0 travers son portail et \u00e0 caract\u00e8re \u00e9nonciatif mais non limitatif, \u00e0 ne pas les utiliser pour :<br \/>S'impliquer dans des activit\u00e9s illicites, ill\u00e9gales ou contraires \u00e0 la bonne foi et \u00e0 l'ordre public. <br \/>Diffuser du contenu ou de la propagande raciste, x\u00e9nophobe, pornographique ill\u00e9gale, en soutien au terrorisme ou \u00e0 une atteinte aux droits de l'homme. <br \/>Provoquer des dommages aux syst\u00e8mes physiques et logiques d'ART Quiropr\u00e1ctico S.L., de ses fournisseurs ou de tiers, introduire ou propager sur le r\u00e9seau des virus informatiques ou tout autre syst\u00e8me physique ou logique susceptible de causer les dommages susmentionn\u00e9s.<br \/>Tenter d'acc\u00e9der et, le cas \u00e9ch\u00e9ant, d'utiliser les comptes de messagerie d'autres utilisateurs et de modifier ou manipuler leurs messages.<br \/>Utiliser le site Internet ou les informations qu'il contient \u00e0 des fins commerciales, politiques, publicitaires et pour tout usage commercial, notamment lors de l'envoi d'e-mails non sollicit\u00e9s. <br \/>LE PROPRI\u00c9TAIRE se r\u00e9serve le droit de retirer tous les commentaires et contributions qui portent atteinte au respect de la dignit\u00e9 de la personne, qui sont discriminatoires, x\u00e9nophobes, pornographiques racistes, qui attaquent la jeunesse ou l'enfance, l'ordre ou la s\u00e9curit\u00e9 publique ou qui, \u00e0 son avis, ne seront pas apte \u00e0 \u00eatre publi\u00e9. Dans tous les cas, LE PROPRI\u00c9TAIRE ne sera pas responsable des opinions exprim\u00e9es par les utilisateurs via les forums, chats ou autres outils de participation.<\/p><p>4. PROTECTION DES DONN\u00c9ES<\/p><p>Tout ce qui concerne la politique de protection des donn\u00e9es est inclus dans le document de politique de confidentialit\u00e9.<\/p><p>5. CONTENU. PROPRI\u00c9T\u00c9 INTELLECTUELLE ET INDUSTRIELLE<\/p><p>LE PROPRI\u00c9TAIRE est propri\u00e9taire de tous les droits de propri\u00e9t\u00e9 intellectuelle et industrielle de son site Internet, ainsi que des \u00e9l\u00e9ments qui y sont contenus (\u00e0 titre d'exemple : images, photographies, sons, audio, vid\u00e9o, logiciels ou textes ; marques ou logos, combinaisons de couleurs , structure et conception, s\u00e9lection des mat\u00e9riaux utilis\u00e9s, programmes informatiques n\u00e9cessaires \u00e0 son fonctionnement, acc\u00e8s et utilisation, etc.), propri\u00e9t\u00e9 du PROPRI\u00c9TAIRE ou de ses conc\u00e9dants de licence.<br \/>Tous droits r\u00e9serv\u00e9s. En vertu des dispositions des articles 8 et 32.1, deuxi\u00e8me alin\u00e9a, de la Loi sur la Propri\u00e9t\u00e9 Intellectuelle, la reproduction, la distribution et la communication publique, y compris le mode de mise \u00e0 disposition, de tout ou partie du contenu de ce site Web, \u00e0 des fins commerciales , sur tout support et par tout moyen technique, sans l'autorisation du PROPRI\u00c9TAIRE.<\/p><p>6. EXCLUSION DE GARANTIES ET DE RESPONSABILIT\u00c9<\/p><p>L'UTILISATEUR reconna\u00eet que l'utilisation du site Internet et de ses contenus et services s'effectue sous sa responsabilit\u00e9 exclusive. Plus pr\u00e9cis\u00e9ment, \u00e0 titre d'exemple uniquement, LE PROPRI\u00c9TAIRE n'assume aucune responsabilit\u00e9 dans les domaines suivants :<br \/>La disponibilit\u00e9 du fonctionnement du site Internet, de ses services et contenus et sa qualit\u00e9 ou interop\u00e9rabilit\u00e9.<br \/>La finalit\u00e9 pour laquelle le site Web r\u00e9pond aux objectifs de l'UTILISATEUR.<br \/>La violation de la l\u00e9gislation en vigueur par l'UTILISATEUR ou des tiers et, en particulier, des droits de propri\u00e9t\u00e9 intellectuelle et industrielle d\u00e9tenus par d'autres personnes ou entit\u00e9s.<br \/>L'existence de codes malveillants ou de tout autre \u00e9l\u00e9ment informatique nuisible qui pourrait nuire au syst\u00e8me informatique de l'UTILISATEUR ou de tiers. Il appartient, dans tous les cas, \u00e0 l'UTILISATEUR de disposer des outils ad\u00e9quats pour la d\u00e9tection et la d\u00e9sinfection de ces \u00e9l\u00e9ments.<br \/>Acc\u00e8s frauduleux \u00e0 des contenus ou \u00e0 des services par des tiers non autoris\u00e9s ou, le cas \u00e9ch\u00e9ant, capture, \u00e9limination, alt\u00e9ration, modification ou manipulation de messages et communications de toute nature que ces tiers pourraient effectuer.<br \/>L'exactitude, la v\u00e9racit\u00e9, l'actualit\u00e9 et l'utilit\u00e9 des contenus et des services propos\u00e9s et l'utilisation ult\u00e9rieure que l'UTILISATEUR en fait. LE PROPRI\u00c9TAIRE utilisera tous les efforts et moyens raisonnables pour fournir des informations actualis\u00e9es et fiables.<br \/>Les dommages produits \u00e0 l'\u00e9quipement informatique lors de l'acc\u00e8s \u00e0 la page web et les dommages produits aux UTILISATEURS lorsqu'ils ont leur origine dans des pannes ou des d\u00e9connexions des r\u00e9seaux de t\u00e9l\u00e9communications qui interrompent le service.<br \/>Dommages ou pertes r\u00e9sultant de circonstances survenant en raison d'\u00e9v\u00e9nements impr\u00e9vus ou de force majeure.<br \/>Dans le cas o\u00f9 il existe des forums, l'utilisation du m\u00eame espace ou d'autres espaces similaires, il faut tenir compte du fait que les messages refl\u00e8tent uniquement l'opinion de l'UTILISATEUR qui les envoie, qui en est seul responsable. LE TITULAIRE n'est pas responsable du contenu des messages envoy\u00e9s par l'UTILISATEUR.<\/p><p>7. MODIFICATION DE CES MENTIONS L\u00c9GALES ET DUR\u00c9E<\/p><p>LE PROPRI\u00c9TAIRE se r\u00e9serve le droit d'apporter sans pr\u00e9avis toutes modifications qu'il jugera appropri\u00e9es sur son portail, et pourra changer, supprimer ou ajouter autant de contenus et services fournis par son interm\u00e9diaire, que la mani\u00e8re dont ils sont repr\u00e9sent\u00e9s ou localis\u00e9s sur votre portail.<br \/>La validit\u00e9 des conditions susmentionn\u00e9es d\u00e9pendra de leur exposition et sera en vigueur jusqu'\u00e0 ce qu'elles soient modifi\u00e9es par d'autres d\u00fbment publi\u00e9es.<\/p><p>8. LIENS<\/p><p>Dans le cas o\u00f9 AURELEROSSI.COM inclut des liens ou des hyperliens vers d'autres sites Internet, LE PROPRI\u00c9TAIRE n'exercera aucun type de contr\u00f4le sur lesdits sites et contenus. En aucun cas LE PROPRI\u00c9TAIRE n'assumera aucune responsabilit\u00e9 quant au contenu de tout lien appartenant \u00e0 un site Web tiers, ni ne garantira la disponibilit\u00e9 technique, la qualit\u00e9, la fiabilit\u00e9, l'exactitude, l'\u00e9tendue, la v\u00e9racit\u00e9, la validit\u00e9 et la constitutionnalit\u00e9 de toute question ou information contenue dans l'un desdits liens, hyperliens et autres sites sur Internet. De m\u00eame, l'inclusion de ces connexions externes n'impliquera aucun type d'association, fusion ou participation avec les entit\u00e9s connect\u00e9es.<\/p><p>9. DROITS D'EXCLUSION<\/p><p>LE PROPRI\u00c9TAIRE se r\u00e9serve le droit de refuser ou de retirer l'acc\u00e8s au portail et\/ou aux services offerts sans avertissement pr\u00e9alable, \u00e0 sa propre demande ou \u00e0 celle d'un tiers, aux utilisateurs qui ne respecteraient pas le contenu de la pr\u00e9sente notice l\u00e9gale.<\/p><p>10. G\u00c9N\u00c9RAL<\/p><p>LE PROPRI\u00c9TAIRE poursuivra le non-respect de ces conditions ainsi que toute utilisation abusive de son portail en exer\u00e7ant toutes les actions civiles et p\u00e9nales qui pourraient lui correspondre par la loi.<\/p><p>11. LOI APPLICABLE ET JURIDICTION<\/p><p>La relation entre LE PROPRI\u00c9TAIRE et L'UTILISATEUR sera r\u00e9gie par la r\u00e9glementation espagnole en vigueur. Tous les litiges et r\u00e9clamations d\u00e9coulant de cet avis juridique seront r\u00e9solus par les cours et tribunaux espagnols.<\/p><p>12. MINEURS<\/p><p>AURELEROSSI.COM adresse ses services aux utilisateurs de plus de 18 ans. Les mineurs de moins de cet \u00e2ge ne sont pas autoris\u00e9s \u00e0 utiliser nos services et ne doivent donc pas nous transmettre leurs donn\u00e9es personnelles. Nous vous informons que si une telle circonstance se produit, ART Quiropr\u00e1ctico S.L. n'est pas responsable des cons\u00e9quences possibles qui pourraient d\u00e9couler du non-respect de l'avis \u00e9tabli dans cette clause.<\/p>\t\t\t\t\t\t\t\t<\/div>\n\t\t\t\t<\/div>\n\t\t\t\t\t<\/div>\n\t\t\t\t<\/div>\n\t\t\t\t<\/div>","protected":false},"excerpt":{"rendered":"<p>Aviso legal 1. DATOS IDENTIFICATIVOS Usted est\u00e1 visitando la p\u00e1gina web AURELEROSSI.COM titularidad de ART Quiropr\u00e1ctico S.L., con domicilio social en C\/ ARIBAU 143, ENTLO 1 (08036 BARCELONA) CATALUNYA, con N.I.F. B09888819, inscrita en el Registro Mercantil de Catalunya, en adelante EL TITULAR. Puede contactar con el TITULAR por cualquiera de los siguientes medios: Tel\u00e9fono: [&hellip;]<\/p>","protected":false},"author":1,"featured_media":0,"parent":0,"menu_order":0,"comment_status":"closed","ping_status":"closed","template":"","meta":{"_joinchat":[],"footnotes":""},"class_list":["post-382","page","type-page","status-publish","hentry"],"_links":{"self":[{"href":"https:\/\/aurelerossi.com\/fr\/wp-json\/wp\/v2\/pages\/382","targetHints":{"allow":["GET"]}}],"collection":[{"href":"https:\/\/aurelerossi.com\/fr\/wp-json\/wp\/v2\/pages"}],"about":[{"href":"https:\/\/aurelerossi.com\/fr\/wp-json\/wp\/v2\/types\/page"}],"author":[{"embeddable":true,"href":"https:\/\/aurelerossi.com\/fr\/wp-json\/wp\/v2\/users\/1"}],"replies":[{"embeddable":true,"href":"https:\/\/aurelerossi.com\/fr\/wp-json\/wp\/v2\/comments?post=382"}],"version-history":[{"count":4,"href":"https:\/\/aurelerossi.com\/fr\/wp-json\/wp\/v2\/pages\/382\/revisions"}],"predecessor-version":[{"id":13349,"href":"https:\/\/aurelerossi.com\/fr\/wp-json\/wp\/v2\/pages\/382\/revisions\/13349"}],"wp:attachment":[{"href":"https:\/\/aurelerossi.com\/fr\/wp-json\/wp\/v2\/media?parent=382"}],"curies":[{"name":"wp","href":"https:\/\/api.w.org\/{rel}","templated":true}]}}